{"id":30,"date":"2018-02-19T21:01:52","date_gmt":"2018-02-19T21:01:52","guid":{"rendered":"http:\/\/www.c21uwm.com\/endsofcinema\/?page_id=30"},"modified":"2018-03-15T17:47:41","modified_gmt":"2018-03-15T17:47:41","slug":"plenary-speakers","status":"publish","type":"page","link":"https:\/\/www.c21uwm.com\/endsofcinema\/plenary-speakers\/","title":{"rendered":"Plenary Speakers"},"content":{"rendered":"<p><strong>Caetlin Benson-Allott<\/strong> (Georgetown) <img loading=\"lazy\" decoding=\"async\" class=\"alignright wp-image-71\" src=\"http:\/\/www.c21uwm.com\/endsofcinema\/wp-content\/uploads\/2018\/03\/Benson-Allott-Headshot-copy.jpeg\" alt=\"Caetlin Benson-Allott\" width=\"225\" height=\"222\" \/><\/p>\n<p>Caetlin Benson-Allott is a Provost&#8217;s Distinguished Associate Professor of English and Film and Media Studies at Georgetown University, and the editor of <em>Cinema Journal<\/em>. She is the author of <em>Killer Tapes and Shattered Screens: Video Spectatorship from VHS to File Sharing<\/em>.<\/p>\n<p><strong>James Leo Cahill<\/strong> (Toronto) <img loading=\"lazy\" decoding=\"async\" class=\"alignleft wp-image-72 size-full\" src=\"http:\/\/www.c21uwm.com\/endsofcinema\/wp-content\/uploads\/2018\/03\/Cahill-Headshot.jpg\" alt=\"James Leo Cahill\" width=\"225\" height=\"225\" srcset=\"https:\/\/www.c21uwm.com\/endsofcinema\/wp-content\/uploads\/2018\/03\/Cahill-Headshot.jpg 225w, https:\/\/www.c21uwm.com\/endsofcinema\/wp-content\/uploads\/2018\/03\/Cahill-Headshot-150x150.jpg 150w\" sizes=\"auto, (max-width: 225px) 100vw, 225px\" \/><\/p>\n<p>James Leo Cahill is an assistant professor in the Cinema Studies Institute at the University of Toronto. His first book, <em>Cinema\u2019s Copernican Vocation: Zoological Surrealism and the Early Films of Jean Painlev\u00e9,<\/em> is forthcoming in 2018 from the University of Minnesota Press. He is currently a visiting professor at the Franke Institute for the Humanities at the University of Chicago. He is general editor of <em>Discourse: Journal of Theoretical Studies in Media and Culture<\/em>.<\/p>\n<p><strong>Francesco Casetti<\/strong> (Yale)<img loading=\"lazy\" decoding=\"async\" class=\"alignright wp-image-73\" src=\"http:\/\/www.c21uwm.com\/endsofcinema\/wp-content\/uploads\/2018\/03\/Casetti-Headshot.jpg\" alt=\"Francesco Casetti\" width=\"215\" height=\"225\" \/><\/p>\n<p>Francesco Casetti is the Thomas E. Donnelley Professor of Humanities and Professor of Film Studies at Yale University. His most recent book, <em>The Lumi\u00e9re Galaxy: Seven Key Words for the Cinema to Come<\/em>, is a study of the reconfiguration of cinema in a post-medium era.<\/p>\n<p><strong><img loading=\"lazy\" decoding=\"async\" class=\"alignleft wp-image-74 size-full\" src=\"http:\/\/www.c21uwm.com\/endsofcinema\/wp-content\/uploads\/2018\/03\/8C5A4923.jpg\" alt=\"Mary Ann Doane\" width=\"250\" height=\"250\" srcset=\"https:\/\/www.c21uwm.com\/endsofcinema\/wp-content\/uploads\/2018\/03\/8C5A4923.jpg 250w, https:\/\/www.c21uwm.com\/endsofcinema\/wp-content\/uploads\/2018\/03\/8C5A4923-150x150.jpg 150w\" sizes=\"auto, (max-width: 250px) 100vw, 250px\" \/>Mary Ann Doane<\/strong> (Berkeley)<\/p>\n<p>Mary Ann Doane is the Class of 1937 Professor of Film and Media at the University of California, Berkeley. A leading figure in the study of gender in film, she is the author of\u00a0<em>Femmes Fatales: Feminism, Film Theory, Psychoanalysis<\/em> and\u00a0<em>The Emergence of Cinematic Time: Modernity, Contingency, and the Archive<\/em>.<\/p>\n<p><strong>Andr\u00e9 Gaudreault<\/strong> (Montreal)<img loading=\"lazy\" decoding=\"async\" class=\"alignright size-full wp-image-76\" src=\"http:\/\/www.c21uwm.com\/endsofcinema\/wp-content\/uploads\/2018\/03\/Gaudreault-Headshot.jpg\" alt=\"Andre Gaudreault\" width=\"218\" height=\"250\" \/><\/p>\n<p>Andr\u00e9 Gaudreault is a professor of Art History and Cinema Studies at the Universit\u00e9 de Montr\u00e9al, where he is director of GRAFICS. He is co-author, with Philippe Marion, of <em>The End of Cinema?: A Medium in Crisis in the Digital Age<\/em>.<\/p>\n<p>&nbsp;<\/p>\n<p><img loading=\"lazy\" decoding=\"async\" class=\"alignleft wp-image-78\" src=\"http:\/\/www.c21uwm.com\/endsofcinema\/wp-content\/uploads\/2018\/03\/Michael-Gillespie.jpg\" alt=\"Michael Gillespie\" width=\"225\" height=\"238\" \/><strong>Michael Gillespie<\/strong> (City College of New York)<\/p>\n<p>Michael B. Gillespie is an associate professor of film in the Department of Media &amp; Communication Arts and the Black Studies Program at the City College of New York (CUNY).<\/p>\n<p>&nbsp;<\/p>\n<p><strong>Jean Ma<\/strong> (Stanford)<img loading=\"lazy\" decoding=\"async\" class=\"alignright wp-image-79\" src=\"http:\/\/www.c21uwm.com\/endsofcinema\/wp-content\/uploads\/2018\/03\/ceas.jpg\" alt=\"Jean Ma\" width=\"225\" height=\"225\" srcset=\"https:\/\/www.c21uwm.com\/endsofcinema\/wp-content\/uploads\/2018\/03\/ceas.jpg 250w, https:\/\/www.c21uwm.com\/endsofcinema\/wp-content\/uploads\/2018\/03\/ceas-150x150.jpg 150w\" sizes=\"auto, (max-width: 225px) 100vw, 225px\" \/><\/p>\n<p>Jean Ma is an associate professor of Art and Art History at Stanford University. Her most recent book is <em>Sounding the Modern Woman: The Songstress in Chinese Cinema<\/em>.<\/p>\n<p>&nbsp;<\/p>\n<p><strong><img loading=\"lazy\" decoding=\"async\" class=\"alignleft wp-image-80\" src=\"http:\/\/www.c21uwm.com\/endsofcinema\/wp-content\/uploads\/2018\/03\/Villarejo_15_0.jpg\" alt=\"Amy Villarejo\" width=\"267\" height=\"306\" \/>Amy Villarejo (Cornell)<\/strong><\/p>\n<p>Amy Villarejo is a professor of Performing and Media Arts at Cornell University. She has published widely in cinema and media studies with a focus on feminist and queer media, including most recently\u00a0<em>Ethereal Queer: Television, Historicity, Desire<\/em>. She was recently named the first faculty director for the Milstein Program in Technology and Humanity.<\/p>\n","protected":false},"excerpt":{"rendered":"<p>Caetlin Benson-Allott (Georgetown) Caetlin Benson-Allott is a Provost&#8217;s Distinguished Associate Professor of English and Film and Media Studies at Georgetown University, and the editor of Cinema Journal. She is the author of Killer Tapes and Shattered Screens: Video Spectatorship from VHS to File Sharing. James Leo Cahill (Toronto) James Leo Cahill is an assistant professor &hellip; <a href=\"https:\/\/www.c21uwm.com\/endsofcinema\/plenary-speakers\/\" class=\"more-link\">Continue reading <span class=\"screen-reader-text\">Plenary Speakers<\/span><\/a><\/p>\n","protected":false},"author":1,"featured_media":0,"parent":0,"menu_order":0,"comment_status":"closed","ping_status":"closed","template":"","meta":{"footnotes":""},"class_list":["post-30","page","type-page","status-publish","hentry"],"jetpack_sharing_enabled":true,"_links":{"self":[{"href":"https:\/\/www.c21uwm.com\/endsofcinema\/wp-json\/wp\/v2\/pages\/30","targetHints":{"allow":["GET"]}}],"collection":[{"href":"https:\/\/www.c21uwm.com\/endsofcinema\/wp-json\/wp\/v2\/pages"}],"about":[{"href":"https:\/\/www.c21uwm.com\/endsofcinema\/wp-json\/wp\/v2\/types\/page"}],"author":[{"embeddable":true,"href":"https:\/\/www.c21uwm.com\/endsofcinema\/wp-json\/wp\/v2\/users\/1"}],"replies":[{"embeddable":true,"href":"https:\/\/www.c21uwm.com\/endsofcinema\/wp-json\/wp\/v2\/comments?post=30"}],"version-history":[{"count":10,"href":"https:\/\/www.c21uwm.com\/endsofcinema\/wp-json\/wp\/v2\/pages\/30\/revisions"}],"predecessor-version":[{"id":82,"href":"https:\/\/www.c21uwm.com\/endsofcinema\/wp-json\/wp\/v2\/pages\/30\/revisions\/82"}],"wp:attachment":[{"href":"https:\/\/www.c21uwm.com\/endsofcinema\/wp-json\/wp\/v2\/media?parent=30"}],"curies":[{"name":"wp","href":"https:\/\/api.w.org\/{rel}","templated":true}]}}